{"id":9182,"date":"2024-05-08T10:10:58","date_gmt":"2024-05-08T10:10:58","guid":{"rendered":"https:\/\/demo1.itsserbia.rs.itsserbia.rs\/?page_id=9182"},"modified":"2025-07-18T11:30:17","modified_gmt":"2025-07-18T11:30:17","slug":"putarine_povracaj_pdv","status":"publish","type":"page","link":"https:\/\/autotrack.rs\/sr\/putarine_povracaj_pdv\/","title":{"rendered":"Putarine i povra\u0107aj PDV-a"},"content":{"rendered":"\t\t<div data-elementor-type=\"wp-page\" data-elementor-id=\"9182\" class=\"elementor elementor-9182\">\n\t\t\t\t\t\t\t\t\t<div class=\" elementor-section elementor-top-section elementor-element elementor-element-c0f4a85 mt-10 elementor-section-boxed elementor-section-height-default elementor-section-height-default\" data-id=\"c0f4a85\" data-element_type=\"section\">\r\n\t\t\t\t\t\t\t\t<div class=\"elementor-container elementor-column-gap-default\">\r\n\t\t\t\t\r\n\t\t\t\t\t\t\t<div class=\" elementor-column elementor-col-50 elementor-top-column elementor-element elementor-element-bc62ba0\" data-id=\"bc62ba0\" data-element_type=\"column\">\r\n\r\n\t\t\t\r\n\t\t\t<div class=\"elementor-widget-wrap elementor-element-populated\">\r\n\t\t\t\t\t\t\t\t\r\n\t\t\t\t\t<div class=\"elementor-element elementor-element-4b5ef01 elementor-widget elementor-widget-image\" data-id=\"4b5ef01\" data-element_type=\"widget\" data-widget_type=\"image.default\">\n\t\t\t\t<div class=\"elementor-widget-container\">\n\t\t\t<style>\/*! elementor - v3.18.0 - 20-12-2023 *\/\n.elementor-widget-image{text-align:center}.elementor-widget-image a{display:inline-block}.elementor-widget-image a img[src$=\".svg\"]{width:48px}.elementor-widget-image img{vertical-align:middle;display:inline-block}<\/style>\t\t\t\t\t\t\t\t\t\t\t\t<img fetchpriority=\"high\" decoding=\"async\" width=\"2560\" height=\"1696\" src=\"https:\/\/autotrack.rs\/wp-content\/uploads\/2024\/03\/vecteezy-businessman-touching-on-icons-on-virtual-screen-enterprise-8116948-scaled.jpg\" class=\"attachment-full size-full wp-image-8472\" alt=\"\" srcset=\"https:\/\/autotrack.rs\/wp-content\/uploads\/2024\/03\/vecteezy-businessman-touching-on-icons-on-virtual-screen-enterprise-8116948-scaled.jpg 2560w, https:\/\/autotrack.rs\/wp-content\/uploads\/2024\/03\/vecteezy-businessman-touching-on-icons-on-virtual-screen-enterprise-8116948-1024x678.jpg 1024w, https:\/\/autotrack.rs\/wp-content\/uploads\/2024\/03\/vecteezy-businessman-touching-on-icons-on-virtual-screen-enterprise-8116948-768x509.jpg 768w, https:\/\/autotrack.rs\/wp-content\/uploads\/2024\/03\/vecteezy-businessman-touching-on-icons-on-virtual-screen-enterprise-8116948-1536x1017.jpg 1536w, https:\/\/autotrack.rs\/wp-content\/uploads\/2024\/03\/vecteezy-businessman-touching-on-icons-on-virtual-screen-enterprise-8116948-2048x1356.jpg 2048w\" sizes=\"(max-width: 2560px) 100vw, 2560px\" \/>\t\t\t\t\t\t\t\t\t\t\t\t\t\t\t<\/div>\n\t\t\t\t<\/div>\n\t\t\t\t\t<\/div>\r\n\t\t\t<\/div>\r\n\t\t\t\t\t\t\t<div class=\" elementor-column elementor-col-50 elementor-top-column elementor-element elementor-element-0179e6a pl-xl-6\" data-id=\"0179e6a\" data-element_type=\"column\">\r\n\r\n\t\t\t\r\n\t\t\t<div class=\"elementor-widget-wrap elementor-element-populated\">\r\n\t\t\t\t\t\t\t\t\r\n\t\t\t\t\t<div class=\"elementor-element elementor-element-b17230b elementor-widget elementor-widget-heading\" data-id=\"b17230b\" data-element_type=\"widget\" data-widget_type=\"heading.default\">\n\t\t\t\t<div class=\"elementor-widget-container\">\n\t\t\t<style>\/*! elementor - v3.18.0 - 20-12-2023 *\/\n.elementor-heading-title{padding:0;margin:0;line-height:1}.elementor-widget-heading .elementor-heading-title[class*=elementor-size-]>a{color:inherit;font-size:inherit;line-height:inherit}.elementor-widget-heading .elementor-heading-title.elementor-size-small{font-size:15px}.elementor-widget-heading .elementor-heading-title.elementor-size-medium{font-size:19px}.elementor-widget-heading .elementor-heading-title.elementor-size-large{font-size:29px}.elementor-widget-heading .elementor-heading-title.elementor-size-xl{font-size:39px}.elementor-widget-heading .elementor-heading-title.elementor-size-xxl{font-size:59px}<\/style><h2 class=\"elementor-heading-title elementor-size-default\">Maksimalno iskoristite svaku vo\u017enju<\/h2>\t\t<\/div>\n\t\t\t\t<\/div>\n\t\t\t\t<div class=\"elementor-element elementor-element-d24f10c elementor-widget elementor-widget-heading\" data-id=\"d24f10c\" data-element_type=\"widget\" data-widget_type=\"heading.default\">\n\t\t\t\t<div class=\"elementor-widget-container\">\n\t\t\t<p class=\"elementor-heading-title elementor-size-default\">Putarine mogu biti zna\u010dajan deo tro\u0161kova prilikom putovanja auto-putevima, bilo da se radi o privatnom ili poslovnom putovanju.<\/p>\t\t<\/div>\n\t\t\t\t<\/div>\n\t\t\t\t<div class=\"elementor-element elementor-element-ecc9d71 elementor-widget elementor-widget-heading\" data-id=\"ecc9d71\" data-element_type=\"widget\" data-widget_type=\"heading.default\">\n\t\t\t\t<div class=\"elementor-widget-container\">\n\t\t\t<p class=\"elementor-heading-title elementor-size-default\">Autotrack usluga Putarine i povra\u0107aj PDV-a Vam omogu\u0107ava da maksimalno iskoristite svaku vo\u017enju, pru\u017eaju\u0107i:<\/p>\t\t<\/div>\n\t\t\t\t<\/div>\n\t\t\t\t<div class=\"elementor-element elementor-element-613b52b elementor-icon-list--layout-traditional elementor-widget elementor-widget-alpha_widget_iconlist\" data-id=\"613b52b\" data-element_type=\"widget\" data-widget_type=\"alpha_widget_iconlist.default\">\n\t\t\t\t<div class=\"elementor-widget-container\">\n\t\t\t<link rel=\"stylesheet\" href=\"https:\/\/autotrack.rs\/wp-content\/plugins\/elementor\/assets\/css\/widget-icon-list.min.css\"><ul class=\"elementor-icon-list-items\">\r\n\t\t\t<li class=\"elementor-icon-list-item\">\r\n\t\t\t\t\t\t\t<span class=\"elementor-icon-list-icon\">\r\n\t\t\t\t<i aria-hidden=\"true\" class=\"  a-icon-verification\"><\/i>\t\t\t\t<\/span>\r\n\t\t\t\t\t\t<span class=\"elementor-icon-list-text\">Jednostavnost i efikasnost \u2013 pru\u017eamo Vam mogu\u0107nost da tra\u017eite povra\u0107aj PDV-a na tro\u0161kove putarine i povezane usluge<\/span>\r\n\t\t\t\t\t<\/li>\r\n\t\t\t\t<li class=\"elementor-icon-list-item\">\r\n\t\t\t\t\t\t\t<span class=\"elementor-icon-list-icon\">\r\n\t\t\t\t<i aria-hidden=\"true\" class=\"  a-icon-verification\"><\/i>\t\t\t\t<\/span>\r\n\t\t\t\t\t\t<span class=\"elementor-icon-list-text\">Transparentnost i intuitivnost \u2013 jednostavno dostavite odgovaraju\u0107u dokumentaciju o tro\u0161kovima putarine i ostalih potro\u0161nji, a mi \u0107emo obraditi Va\u0161 zahtev za povra\u0107aj PDV-a brzo i efikasno<\/span>\r\n\t\t\t\t\t<\/li>\r\n\t\t\t\t<li class=\"elementor-icon-list-item\">\r\n\t\t\t\t\t\t\t<span class=\"elementor-icon-list-icon\">\r\n\t\t\t\t<i aria-hidden=\"true\" class=\"  a-icon-verification\"><\/i>\t\t\t\t<\/span>\r\n\t\t\t\t\t\t<span class=\"elementor-icon-list-text\">U\u0161teda novca i olak\u0161anje putovanja \u2013 pru\u017eamo Vam podr\u0161ku i optimizaciju Va\u0161eg iskustva na putu<\/span>\r\n\t\t\t\t\t<\/li>\r\n\t\t<\/ul>\r\n\t\t<\/div>\n\t\t\t\t<\/div>\n\t\t\t\t\t<\/div>\r\n\t\t\t<\/div>\r\n\t\t\t\t\t\t\t<\/div>\r\n\t\t\t<\/div>\r\n\t\t\t\t\t\t\t\t<\/div>\n\t\t","protected":false},"excerpt":{"rendered":"<p>Maksimalno iskoristite svaku vo\u017enju Putarine mogu biti zna\u010dajan deo tro\u0161kova prilikom putovanja auto-putevima, bilo da se radi o privatnom ili poslovnom putovanju. Autotrack usluga Putarine i povra\u0107aj PDV-a Vam omogu\u0107ava [&hellip;]<\/p>\n","protected":false},"author":1,"featured_media":0,"parent":0,"menu_order":0,"comment_status":"closed","ping_status":"closed","template":"","meta":{"_acf_changed":false,"footnotes":""},"class_list":["post-9182","page","type-page","status-publish","hentry"],"acf":[],"_links":{"self":[{"href":"https:\/\/autotrack.rs\/sr\/wp-json\/wp\/v2\/pages\/9182","targetHints":{"allow":["GET"]}}],"collection":[{"href":"https:\/\/autotrack.rs\/sr\/wp-json\/wp\/v2\/pages"}],"about":[{"href":"https:\/\/autotrack.rs\/sr\/wp-json\/wp\/v2\/types\/page"}],"author":[{"embeddable":true,"href":"https:\/\/autotrack.rs\/sr\/wp-json\/wp\/v2\/users\/1"}],"replies":[{"embeddable":true,"href":"https:\/\/autotrack.rs\/sr\/wp-json\/wp\/v2\/comments?post=9182"}],"version-history":[{"count":0,"href":"https:\/\/autotrack.rs\/sr\/wp-json\/wp\/v2\/pages\/9182\/revisions"}],"wp:attachment":[{"href":"https:\/\/autotrack.rs\/sr\/wp-json\/wp\/v2\/media?parent=9182"}],"curies":[{"name":"wp","href":"https:\/\/api.w.org\/{rel}","templated":true}]}}