{"id":8166,"date":"2024-03-12T11:10:03","date_gmt":"2024-03-12T11:10:03","guid":{"rendered":"https:\/\/demo1.itsserbia.rs.itsserbia.rs\/?page_id=8166"},"modified":"2025-07-18T13:10:21","modified_gmt":"2025-07-18T13:10:21","slug":"dokument","status":"publish","type":"page","link":"https:\/\/autotrack.rs\/sr\/dokument\/","title":{"rendered":"Dokument menad\u017ement"},"content":{"rendered":"\t\t<div data-elementor-type=\"wp-page\" data-elementor-id=\"8166\" class=\"elementor elementor-8166\">\n\t\t\t\t\t\t\t\t\t<div class=\" elementor-section elementor-top-section elementor-element elementor-element-c0f4a85 mt-10 elementor-section-boxed elementor-section-height-default elementor-section-height-default\" data-id=\"c0f4a85\" data-element_type=\"section\">\r\n\t\t\t\t\t\t\t\t<div class=\"elementor-container elementor-column-gap-default\">\r\n\t\t\t\t\r\n\t\t\t\t\t\t\t<div class=\" elementor-column elementor-col-50 elementor-top-column elementor-element elementor-element-bc62ba0\" data-id=\"bc62ba0\" data-element_type=\"column\">\r\n\r\n\t\t\t\r\n\t\t\t<div class=\"elementor-widget-wrap elementor-element-populated\">\r\n\t\t\t\t\t\t\t\t\r\n\t\t\t\t\t<div class=\"elementor-element elementor-element-4b5ef01 elementor-widget elementor-widget-image\" data-id=\"4b5ef01\" data-element_type=\"widget\" data-widget_type=\"image.default\">\n\t\t\t\t<div class=\"elementor-widget-container\">\n\t\t\t<style>\/*! elementor - v3.18.0 - 20-12-2023 *\/\n.elementor-widget-image{text-align:center}.elementor-widget-image a{display:inline-block}.elementor-widget-image a img[src$=\".svg\"]{width:48px}.elementor-widget-image img{vertical-align:middle;display:inline-block}<\/style>\t\t\t\t\t\t\t\t\t\t\t\t<img fetchpriority=\"high\" decoding=\"async\" width=\"2560\" height=\"1696\" src=\"https:\/\/autotrack.rs\/wp-content\/uploads\/2024\/03\/vecteezy-businessman-touching-on-icons-on-virtual-screen-enterprise-8116948-scaled.jpg\" class=\"attachment-full size-full wp-image-8472\" alt=\"\" srcset=\"https:\/\/autotrack.rs\/wp-content\/uploads\/2024\/03\/vecteezy-businessman-touching-on-icons-on-virtual-screen-enterprise-8116948-scaled.jpg 2560w, https:\/\/autotrack.rs\/wp-content\/uploads\/2024\/03\/vecteezy-businessman-touching-on-icons-on-virtual-screen-enterprise-8116948-1024x678.jpg 1024w, https:\/\/autotrack.rs\/wp-content\/uploads\/2024\/03\/vecteezy-businessman-touching-on-icons-on-virtual-screen-enterprise-8116948-768x509.jpg 768w, https:\/\/autotrack.rs\/wp-content\/uploads\/2024\/03\/vecteezy-businessman-touching-on-icons-on-virtual-screen-enterprise-8116948-1536x1017.jpg 1536w, https:\/\/autotrack.rs\/wp-content\/uploads\/2024\/03\/vecteezy-businessman-touching-on-icons-on-virtual-screen-enterprise-8116948-2048x1356.jpg 2048w\" sizes=\"(max-width: 2560px) 100vw, 2560px\" \/>\t\t\t\t\t\t\t\t\t\t\t\t\t\t\t<\/div>\n\t\t\t\t<\/div>\n\t\t\t\t\t<\/div>\r\n\t\t\t<\/div>\r\n\t\t\t\t\t\t\t<div class=\" elementor-column elementor-col-50 elementor-top-column elementor-element elementor-element-0179e6a pl-xl-6\" data-id=\"0179e6a\" data-element_type=\"column\">\r\n\r\n\t\t\t\r\n\t\t\t<div class=\"elementor-widget-wrap elementor-element-populated\">\r\n\t\t\t\t\t\t\t\t\r\n\t\t\t\t\t<div class=\"elementor-element elementor-element-b17230b elementor-widget elementor-widget-heading\" data-id=\"b17230b\" data-element_type=\"widget\" data-widget_type=\"heading.default\">\n\t\t\t\t<div class=\"elementor-widget-container\">\n\t\t\t<style>\/*! elementor - v3.18.0 - 20-12-2023 *\/\n.elementor-heading-title{padding:0;margin:0;line-height:1}.elementor-widget-heading .elementor-heading-title[class*=elementor-size-]>a{color:inherit;font-size:inherit;line-height:inherit}.elementor-widget-heading .elementor-heading-title.elementor-size-small{font-size:15px}.elementor-widget-heading .elementor-heading-title.elementor-size-medium{font-size:19px}.elementor-widget-heading .elementor-heading-title.elementor-size-large{font-size:29px}.elementor-widget-heading .elementor-heading-title.elementor-size-xl{font-size:39px}.elementor-widget-heading .elementor-heading-title.elementor-size-xxl{font-size:59px}<\/style><h2 class=\"elementor-heading-title elementor-size-default\">Sigurnost i jednostavnost u svakom koraku<\/h2>\t\t<\/div>\n\t\t\t\t<\/div>\n\t\t\t\t<div class=\"elementor-element elementor-element-d24f10c elementor-widget elementor-widget-heading\" data-id=\"d24f10c\" data-element_type=\"widget\" data-widget_type=\"heading.default\">\n\t\t\t\t<div class=\"elementor-widget-container\">\n\t\t\t<p class=\"elementor-heading-title elementor-size-default\">Sa Autotrack sistemom za upravljanje dokumentima, Vi ste u potpunosti opremljeni da unapredite organizaciju i dostupnost Va\u0161ih poslovnih informacija.<\/p>\t\t<\/div>\n\t\t\t\t<\/div>\n\t\t\t\t<div class=\"elementor-element elementor-element-ecc9d71 elementor-widget elementor-widget-heading\" data-id=\"ecc9d71\" data-element_type=\"widget\" data-widget_type=\"heading.default\">\n\t\t\t\t<div class=\"elementor-widget-container\">\n\t\t\t<p class=\"elementor-heading-title elementor-size-default\">Autotrack sistem za upravljanje dokumentima je integrisan kroz celu na\u0161u platformu, pru\u017eaju\u0107i Vam:<\/p>\t\t<\/div>\n\t\t\t\t<\/div>\n\t\t\t\t<div class=\"elementor-element elementor-element-613b52b elementor-icon-list--layout-traditional elementor-widget elementor-widget-alpha_widget_iconlist\" data-id=\"613b52b\" data-element_type=\"widget\" data-widget_type=\"alpha_widget_iconlist.default\">\n\t\t\t\t<div class=\"elementor-widget-container\">\n\t\t\t<link rel=\"stylesheet\" href=\"https:\/\/autotrack.rs\/wp-content\/plugins\/elementor\/assets\/css\/widget-icon-list.min.css\"><ul class=\"elementor-icon-list-items\">\r\n\t\t\t<li class=\"elementor-icon-list-item\">\r\n\t\t\t\t\t\t\t<span class=\"elementor-icon-list-icon\">\r\n\t\t\t\t<i aria-hidden=\"true\" class=\"  a-icon-verification\"><\/i>\t\t\t\t<\/span>\r\n\t\t\t\t\t\t<span class=\"elementor-icon-list-text\">lako skladi\u0161tenje \u2013 sa\u010duvajte svoje podatke u elektronskom formatu bez muke<\/span>\r\n\t\t\t\t\t<\/li>\r\n\t\t\t\t<li class=\"elementor-icon-list-item\">\r\n\t\t\t\t\t\t\t<span class=\"elementor-icon-list-icon\">\r\n\t\t\t\t<i aria-hidden=\"true\" class=\"  a-icon-verification\"><\/i>\t\t\t\t<\/span>\r\n\t\t\t\t\t\t<span class=\"elementor-icon-list-text\">bezbednost podataka \u2013 osigurajte da su Va\u0161e informacije za\u0161ti\u0107ene najvi\u0161im standardima bezbednosti<\/span>\r\n\t\t\t\t\t<\/li>\r\n\t\t\t\t<li class=\"elementor-icon-list-item\">\r\n\t\t\t\t\t\t\t<span class=\"elementor-icon-list-icon\">\r\n\t\t\t\t<i aria-hidden=\"true\" class=\"  a-icon-verification\"><\/i>\t\t\t\t<\/span>\r\n\t\t\t\t\t\t<span class=\"elementor-icon-list-text\">jednostavna pretraga \u2013 prona\u0111ite potrebne dokumente brzo i efikasno uz pomo\u0107 naprednih alata za pretragu<\/span>\r\n\t\t\t\t\t<\/li>\r\n\t\t\t\t<li class=\"elementor-icon-list-item\">\r\n\t\t\t\t\t\t\t<span class=\"elementor-icon-list-icon\">\r\n\t\t\t\t<i aria-hidden=\"true\" class=\"  a-icon-verification\"><\/i>\t\t\t\t<\/span>\r\n\t\t\t\t\t\t<span class=\"elementor-icon-list-text\">neograni\u010dena trajnost \u2013 Va\u0161i dokumenti su sa\u010duvani i dostupni bez vremenskog ograni\u010denja<\/span>\r\n\t\t\t\t\t<\/li>\r\n\t\t\t\t<li class=\"elementor-icon-list-item\">\r\n\t\t\t\t\t\t\t<span class=\"elementor-icon-list-icon\">\r\n\t\t\t\t<i aria-hidden=\"true\" class=\"  a-icon-verification\"><\/i>\t\t\t\t<\/span>\r\n\t\t\t\t\t\t<span class=\"elementor-icon-list-text\">integracija sa ostalim funkcijama \u2013 sistem je u potpunosti integrisan sa svim funkcijama Autotrack platforme<\/span>\r\n\t\t\t\t\t<\/li>\r\n\t\t<\/ul>\r\n\t\t<\/div>\n\t\t\t\t<\/div>\n\t\t\t\t\t<\/div>\r\n\t\t\t<\/div>\r\n\t\t\t\t\t\t\t<\/div>\r\n\t\t\t<\/div>\r\n\t\t\t<div class=\"elementor-element elementor-element-1d6eda8 e-flex e-con-boxed e-con e-parent\" data-id=\"1d6eda8\" data-element_type=\"container\" data-settings=\"{&quot;content_width&quot;:&quot;boxed&quot;}\" data-core-v316-plus=\"true\">\n\t\t\t\t\t<div class=\"e-con-inner\">\n\t\t\t\t<div class=\"elementor-element elementor-element-9c774bc elementor-widget elementor-widget-heading\" data-id=\"9c774bc\" data-element_type=\"widget\" data-widget_type=\"heading.default\">\n\t\t\t\t<div class=\"elementor-widget-container\">\n\t\t\t<h2 class=\"elementor-heading-title elementor-size-default\"><a href=\"\">Prednosti upravljanja dokumentacijom<\/a><\/h2>\t\t<\/div>\n\t\t\t\t<\/div>\n\t\t\t\t\t<\/div>\n\t\t\t\t<\/div>\n\t\t\t\t<div class=\" elementor-section elementor-top-section elementor-element elementor-element-29140c2 elementor-section-boxed elementor-section-height-default elementor-section-height-default\" data-id=\"29140c2\" data-element_type=\"section\">\r\n\t\t\t\t\t\t\t<div class=\"elementor-container elementor-column-gap-no  accordion accordion-shadow\">\r\n\t\t\t\t\t\t\t\t\t\t\t<div class=\" card collapse elementor-column elementor-col-33 elementor-top-column elementor-element elementor-element-db8ad95\" data-id=\"db8ad95\" data-element_type=\"column\">\r\n\t\t\t\t\t\t\t\t<h4 class=\"card-header\">\r\n\t\t\t\t\t<a href=\"db8ad95\" class=\"collapse\">\r\n\t\t\t\t\t\t\t\t\t\t\t\t<span class=\"title\">Bolja organizacija<\/span>\r\n\t\t\t\t\t\t<span class=\"toggle-icon opened\"><i class=\"a-icon-minus\"><\/i><\/span><span class=\"toggle-icon closed\"><i class=\"a-icon-plus\"><\/i><\/span>\t\t\t\t\t<\/a>\r\n\t\t\t\t<\/h4>\r\n\t\t\t\t\r\n\t\t\t\t<div id=\"db8ad95\" class=\"card-body expanded elementor-widget-wrap elementor-element-populated\">\r\n\t\t\t\t\t\t\t\t\t\t\t\t\t\t\t\t<div class=\"elementor-element elementor-element-0f579bf elementor-widget elementor-widget-heading\" data-id=\"0f579bf\" data-element_type=\"widget\" data-widget_type=\"heading.default\">\n\t\t\t\t<div class=\"elementor-widget-container\">\n\t\t\t<p class=\"elementor-heading-title elementor-size-default\">Svi dokumenti vezani za vozila i voza\u010de su centralizovani i lako dostupni, \u0161to olak\u0161ava pronala\u017eenje potrebnih informacija i ubrzava procese.<\/p>\t\t<\/div>\n\t\t\t\t<\/div>\n\t\t\t\t\t<\/div>\r\n\t\t\t<\/div>\r\n\t\t\t\t\t\t\t<div class=\" card elementor-column elementor-col-33 elementor-top-column elementor-element elementor-element-a39bc4e\" data-id=\"a39bc4e\" data-element_type=\"column\">\r\n\t\t\t\t\t\t\t\t<h4 class=\"card-header\">\r\n\t\t\t\t\t<a href=\"a39bc4e\" class=\"expand\">\r\n\t\t\t\t\t\t\t\t\t\t\t\t<span class=\"title\">Usagla\u0161enost sa propisima<\/span>\r\n\t\t\t\t\t\t<span class=\"toggle-icon opened\"><i class=\"a-icon-minus\"><\/i><\/span><span class=\"toggle-icon closed\"><i class=\"a-icon-plus\"><\/i><\/span>\t\t\t\t\t<\/a>\r\n\t\t\t\t<\/h4>\r\n\t\t\t\t\r\n\t\t\t\t<div id=\"a39bc4e\" class=\"card-body collapsed elementor-widget-wrap elementor-element-populated\">\r\n\t\t\t\t\t\t\t\t\t\t\t\t\t\t\t\t<div class=\"elementor-element elementor-element-d9a7fce elementor-widget elementor-widget-heading\" data-id=\"d9a7fce\" data-element_type=\"widget\" data-widget_type=\"heading.default\">\n\t\t\t\t<div class=\"elementor-widget-container\">\n\t\t\t<p class=\"elementor-heading-title elementor-size-default\">Redovno pra\u0107enje i a\u017euriranje dokumenata osigurava da organizacija bude uskla\u0111ena sa svim relevantnim propisima i zakonima, \u010dime se smanjuje rizik od kazni ili pravnih problema.<\/p>\t\t<\/div>\n\t\t\t\t<\/div>\n\t\t\t\t\t<\/div>\r\n\t\t\t<\/div>\r\n\t\t\t\t\t\t\t<div class=\" card elementor-column elementor-col-33 elementor-top-column elementor-element elementor-element-6e55e82\" data-id=\"6e55e82\" data-element_type=\"column\">\r\n\t\t\t\t\t\t\t\t<h4 class=\"card-header\">\r\n\t\t\t\t\t<a href=\"6e55e82\" class=\"expand\">\r\n\t\t\t\t\t\t\t\t\t\t\t\t<span class=\"title\">Efikasnije odr\u017eavanje vozila<\/span>\r\n\t\t\t\t\t\t<span class=\"toggle-icon opened\"><i class=\"a-icon-minus\"><\/i><\/span><span class=\"toggle-icon closed\"><i class=\"a-icon-plus\"><\/i><\/span>\t\t\t\t\t<\/a>\r\n\t\t\t\t<\/h4>\r\n\t\t\t\t\r\n\t\t\t\t<div id=\"6e55e82\" class=\"card-body collapsed elementor-widget-wrap elementor-element-populated\">\r\n\t\t\t\t\t\t\t\t\t\t\t\t\t\t\t\t<div class=\"elementor-element elementor-element-e91b22b elementor-widget elementor-widget-heading\" data-id=\"e91b22b\" data-element_type=\"widget\" data-widget_type=\"heading.default\">\n\t\t\t\t<div class=\"elementor-widget-container\">\n\t\t\t<p class=\"elementor-heading-title elementor-size-default\">Pra\u0107enje dokumenata o odr\u017eavanju vozila omogu\u0107ava organizaciji da odr\u017eava vozila u dobrom stanju, \u0161to mo\u017ee produ\u017eiti njihov \u017eivotni vek i smanjiti tro\u0161kove popravki.<\/p>\t\t<\/div>\n\t\t\t\t<\/div>\n\t\t\t\t\t<\/div>\r\n\t\t\t<\/div>\r\n\t\t\t\t<\/div>\t\t\t<\/div>\r\n\t\t\t\t\t\t\t\t\t<\/div>\n\t\t","protected":false},"excerpt":{"rendered":"<p>Sigurnost i jednostavnost u svakom koraku Sa Autotrack sistemom za upravljanje dokumentima, Vi ste u potpunosti opremljeni da unapredite organizaciju i dostupnost Va\u0161ih poslovnih informacija. Autotrack sistem za upravljanje dokumentima [&hellip;]<\/p>\n","protected":false},"author":1,"featured_media":0,"parent":0,"menu_order":0,"comment_status":"closed","ping_status":"closed","template":"","meta":{"_acf_changed":false,"footnotes":""},"class_list":["post-8166","page","type-page","status-publish","hentry"],"acf":[],"_links":{"self":[{"href":"https:\/\/autotrack.rs\/sr\/wp-json\/wp\/v2\/pages\/8166","targetHints":{"allow":["GET"]}}],"collection":[{"href":"https:\/\/autotrack.rs\/sr\/wp-json\/wp\/v2\/pages"}],"about":[{"href":"https:\/\/autotrack.rs\/sr\/wp-json\/wp\/v2\/types\/page"}],"author":[{"embeddable":true,"href":"https:\/\/autotrack.rs\/sr\/wp-json\/wp\/v2\/users\/1"}],"replies":[{"embeddable":true,"href":"https:\/\/autotrack.rs\/sr\/wp-json\/wp\/v2\/comments?post=8166"}],"version-history":[{"count":0,"href":"https:\/\/autotrack.rs\/sr\/wp-json\/wp\/v2\/pages\/8166\/revisions"}],"wp:attachment":[{"href":"https:\/\/autotrack.rs\/sr\/wp-json\/wp\/v2\/media?parent=8166"}],"curies":[{"name":"wp","href":"https:\/\/api.w.org\/{rel}","templated":true}]}}