{"id":8156,"date":"2024-03-12T11:02:41","date_gmt":"2024-03-12T11:02:41","guid":{"rendered":"https:\/\/demo1.itsserbia.rs.itsserbia.rs\/?page_id=8156"},"modified":"2025-07-18T09:57:14","modified_gmt":"2025-07-18T09:57:14","slug":"fleet","status":"publish","type":"page","link":"https:\/\/autotrack.rs\/sr\/fleet\/","title":{"rendered":"Fleet menad\u017ement sistem"},"content":{"rendered":"\t\t<div data-elementor-type=\"wp-page\" data-elementor-id=\"8156\" class=\"elementor elementor-8156\">\n\t\t\t\t\t\t\t\t\t<div class=\" elementor-section elementor-top-section elementor-element elementor-element-c0f4a85 mt-10 elementor-section-boxed elementor-section-height-default elementor-section-height-default\" data-id=\"c0f4a85\" data-element_type=\"section\">\r\n\t\t\t\t\t\t\t\t<div class=\"elementor-container elementor-column-gap-default\">\r\n\t\t\t\t\r\n\t\t\t\t\t\t\t<div class=\" elementor-column elementor-col-50 elementor-top-column elementor-element elementor-element-bc62ba0\" data-id=\"bc62ba0\" data-element_type=\"column\">\r\n\r\n\t\t\t\r\n\t\t\t<div class=\"elementor-widget-wrap elementor-element-populated\">\r\n\t\t\t\t\t\t\t\t\r\n\t\t\t\t\t<div class=\"elementor-element elementor-element-4b5ef01 elementor-widget elementor-widget-image\" data-id=\"4b5ef01\" data-element_type=\"widget\" data-widget_type=\"image.default\">\n\t\t\t\t<div class=\"elementor-widget-container\">\n\t\t\t<style>\/*! elementor - v3.18.0 - 20-12-2023 *\/\n.elementor-widget-image{text-align:center}.elementor-widget-image a{display:inline-block}.elementor-widget-image a img[src$=\".svg\"]{width:48px}.elementor-widget-image img{vertical-align:middle;display:inline-block}<\/style>\t\t\t\t\t\t\t\t\t\t\t\t<img fetchpriority=\"high\" decoding=\"async\" width=\"2560\" height=\"1678\" src=\"https:\/\/autotrack.rs\/wp-content\/uploads\/2024\/03\/shutterstock-1819687022-scaled.jpg\" class=\"attachment-full size-full wp-image-8118\" alt=\"\" srcset=\"https:\/\/autotrack.rs\/wp-content\/uploads\/2024\/03\/shutterstock-1819687022-scaled.jpg 2560w, https:\/\/autotrack.rs\/wp-content\/uploads\/2024\/03\/shutterstock-1819687022-1024x671.jpg 1024w, https:\/\/autotrack.rs\/wp-content\/uploads\/2024\/03\/shutterstock-1819687022-768x503.jpg 768w, https:\/\/autotrack.rs\/wp-content\/uploads\/2024\/03\/shutterstock-1819687022-1536x1007.jpg 1536w, https:\/\/autotrack.rs\/wp-content\/uploads\/2024\/03\/shutterstock-1819687022-2048x1343.jpg 2048w\" sizes=\"(max-width: 2560px) 100vw, 2560px\" \/>\t\t\t\t\t\t\t\t\t\t\t\t\t\t\t<\/div>\n\t\t\t\t<\/div>\n\t\t\t\t\t<\/div>\r\n\t\t\t<\/div>\r\n\t\t\t\t\t\t\t<div class=\" elementor-column elementor-col-50 elementor-top-column elementor-element elementor-element-0179e6a pl-xl-6\" data-id=\"0179e6a\" data-element_type=\"column\">\r\n\r\n\t\t\t\r\n\t\t\t<div class=\"elementor-widget-wrap elementor-element-populated\">\r\n\t\t\t\t\t\t\t\t\r\n\t\t\t\t\t<div class=\"elementor-element elementor-element-b17230b elementor-widget elementor-widget-heading\" data-id=\"b17230b\" data-element_type=\"widget\" data-widget_type=\"heading.default\">\n\t\t\t\t<div class=\"elementor-widget-container\">\n\t\t\t<style>\/*! elementor - v3.18.0 - 20-12-2023 *\/\n.elementor-heading-title{padding:0;margin:0;line-height:1}.elementor-widget-heading .elementor-heading-title[class*=elementor-size-]>a{color:inherit;font-size:inherit;line-height:inherit}.elementor-widget-heading .elementor-heading-title.elementor-size-small{font-size:15px}.elementor-widget-heading .elementor-heading-title.elementor-size-medium{font-size:19px}.elementor-widget-heading .elementor-heading-title.elementor-size-large{font-size:29px}.elementor-widget-heading .elementor-heading-title.elementor-size-xl{font-size:39px}.elementor-widget-heading .elementor-heading-title.elementor-size-xxl{font-size:59px}<\/style><h2 class=\"elementor-heading-title elementor-size-default\">Kontroli\u0161ite svaki detalj Va\u0161e flote<\/h2>\t\t<\/div>\n\t\t\t\t<\/div>\n\t\t\t\t<div class=\"elementor-element elementor-element-d24f10c elementor-widget elementor-widget-heading\" data-id=\"d24f10c\" data-element_type=\"widget\" data-widget_type=\"heading.default\">\n\t\t\t\t<div class=\"elementor-widget-container\">\n\t\t\t<p class=\"elementor-heading-title elementor-size-default\">Autotrack sistem za upravljanje flotom Vam pru\u017ea mogu\u0107nost da vodite detaljne evidencije o svakom vozilu u Va\u0161em vazduhoplovstvu.<\/p>\t\t<\/div>\n\t\t\t\t<\/div>\n\t\t\t\t<div class=\"elementor-element elementor-element-ecc9d71 elementor-widget elementor-widget-heading\" data-id=\"ecc9d71\" data-element_type=\"widget\" data-widget_type=\"heading.default\">\n\t\t\t\t<div class=\"elementor-widget-container\">\n\t\t\t<p class=\"elementor-heading-title elementor-size-default\">Na\u0161a platforma Vam omogu\u0107ava:<\/p>\t\t<\/div>\n\t\t\t\t<\/div>\n\t\t\t\t<div class=\"elementor-element elementor-element-613b52b elementor-icon-list--layout-traditional elementor-widget elementor-widget-alpha_widget_iconlist\" data-id=\"613b52b\" data-element_type=\"widget\" data-widget_type=\"alpha_widget_iconlist.default\">\n\t\t\t\t<div class=\"elementor-widget-container\">\n\t\t\t<link rel=\"stylesheet\" href=\"https:\/\/autotrack.rs\/wp-content\/plugins\/elementor\/assets\/css\/widget-icon-list.min.css\"><ul class=\"elementor-icon-list-items\">\r\n\t\t\t<li class=\"elementor-icon-list-item\">\r\n\t\t\t\t\t\t\t<span class=\"elementor-icon-list-icon\">\r\n\t\t\t\t<i aria-hidden=\"true\" class=\"  a-icon-verification\"><\/i>\t\t\t\t<\/span>\r\n\t\t\t\t\t\t<span class=\"elementor-icon-list-text\">pra\u0107enje osnovnih podataka<\/span>\r\n\t\t\t\t\t<\/li>\r\n\t\t\t\t<li class=\"elementor-icon-list-item\">\r\n\t\t\t\t\t\t\t<span class=\"elementor-icon-list-icon\">\r\n\t\t\t\t<i aria-hidden=\"true\" class=\"  a-icon-verification\"><\/i>\t\t\t\t<\/span>\r\n\t\t\t\t\t\t<span class=\"elementor-icon-list-text\">dokumentaciju i izve\u0161tavanje<\/span>\r\n\t\t\t\t\t<\/li>\r\n\t\t\t\t<li class=\"elementor-icon-list-item\">\r\n\t\t\t\t\t\t\t<span class=\"elementor-icon-list-icon\">\r\n\t\t\t\t<i aria-hidden=\"true\" class=\"  a-icon-verification\"><\/i>\t\t\t\t<\/span>\r\n\t\t\t\t\t\t<span class=\"elementor-icon-list-text\">integrisane alarme<\/span>\r\n\t\t\t\t\t<\/li>\r\n\t\t<\/ul>\r\n\t\t<\/div>\n\t\t\t\t<\/div>\n\t\t\t\t\t<\/div>\r\n\t\t\t<\/div>\r\n\t\t\t\t\t\t\t<\/div>\r\n\t\t\t<\/div>\r\n\t\t\t\t\t<div class=\" elementor-section elementor-top-section elementor-element elementor-element-29140c2 elementor-section-boxed elementor-section-height-default elementor-section-height-default\" data-id=\"29140c2\" data-element_type=\"section\">\r\n\t\t\t\t\t\t\t<div class=\"elementor-container elementor-column-gap-no  accordion accordion-shadow\">\r\n\t\t\t\t\t\t\t\t\t\t\t<div class=\" card collapse elementor-column elementor-col-33 elementor-top-column elementor-element elementor-element-db8ad95\" data-id=\"db8ad95\" data-element_type=\"column\">\r\n\t\t\t\t\t\t\t\t<h4 class=\"card-header\">\r\n\t\t\t\t\t<a href=\"db8ad95\" class=\"collapse\">\r\n\t\t\t\t\t\t\t\t\t\t\t\t<span class=\"title\">Sa Autotrack sistemom za upravljanje flotom Vi ste u potpunosti opremljeni da unapredite efikasnost i produktivnost Va\u0161eg poslovanja.<\/span>\r\n\t\t\t\t\t\t<span class=\"toggle-icon opened\"><i class=\"a-icon-minus\"><\/i><\/span><span class=\"toggle-icon closed\"><i class=\"a-icon-plus\"><\/i><\/span>\t\t\t\t\t<\/a>\r\n\t\t\t\t<\/h4>\r\n\t\t\t\t\r\n\t\t\t\t<div id=\"db8ad95\" class=\"card-body expanded elementor-widget-wrap elementor-element-populated\">\r\n\t\t\t\t\t\t\t\t\t\t\t\t\t\t\t\t<div class=\"elementor-element elementor-element-0f579bf elementor-widget elementor-widget-heading\" data-id=\"0f579bf\" data-element_type=\"widget\" data-widget_type=\"heading.default\">\n\t\t\t\t<div class=\"elementor-widget-container\">\n\t\t\t<p class=\"elementor-heading-title elementor-size-default\">Uz Autotrack sistem za upravljanje flotom, ne samo da kontroli\u0161ete svaki detalj Va\u0161e flote, ve\u0107 i otkrivate nove na\u010dine za\u0161tite i bezbednosti Va\u0161eg voznog parka.<\/p>\t\t<\/div>\n\t\t\t\t<\/div>\n\t\t\t\t\t<\/div>\r\n\t\t\t<\/div>\r\n\t\t\t\t\t\t\t<div class=\" card elementor-column elementor-col-33 elementor-top-column elementor-element elementor-element-60fcea6\" data-id=\"60fcea6\" data-element_type=\"column\">\r\n\t\t\t\t\t\t\t\t<h4 class=\"card-header\">\r\n\t\t\t\t\t<a href=\"60fcea6\" class=\"expand\">\r\n\t\t\t\t\t\t\t\t\t\t\t\t<span class=\"title\">Sa Autotrack sistemom za upravljanje flotom Va\u0161a kompanija dobija konkurentnu prednost u industriji.<\/span>\r\n\t\t\t\t\t\t<span class=\"toggle-icon opened\"><i class=\"a-icon-minus\"><\/i><\/span><span class=\"toggle-icon closed\"><i class=\"a-icon-plus\"><\/i><\/span>\t\t\t\t\t<\/a>\r\n\t\t\t\t<\/h4>\r\n\t\t\t\t\r\n\t\t\t\t<div id=\"60fcea6\" class=\"card-body collapsed elementor-widget-wrap elementor-element-populated\">\r\n\t\t\t\t\t\t\t\t\t\t\t\t\t\t\t\t<div class=\"elementor-element elementor-element-baea60e elementor-widget elementor-widget-heading\" data-id=\"baea60e\" data-element_type=\"widget\" data-widget_type=\"heading.default\">\n\t\t\t\t<div class=\"elementor-widget-container\">\n\t\t\t<p class=\"elementor-heading-title elementor-size-default\">Na\u0161a centralna platforma za upravljanje flotom omogu\u0107ava Vam da integri\u0161ete razli\u010dite aspekte Va\u0161eg poslovanja, uklju\u010duju\u0107i upravljanje naru\u010divanjem, logistikom i inventarom.<\/p>\t\t<\/div>\n\t\t\t\t<\/div>\n\t\t\t\t\t<\/div>\r\n\t\t\t<\/div>\r\n\t\t\t\t\t\t\t<div class=\" card elementor-column elementor-col-33 elementor-top-column elementor-element elementor-element-08cd30c\" data-id=\"08cd30c\" data-element_type=\"column\">\r\n\t\t\t\t\t\t\t\t<h4 class=\"card-header\">\r\n\t\t\t\t\t<a href=\"08cd30c\" class=\"expand\">\r\n\t\t\t\t\t\t\t\t\t\t\t\t<span class=\"title\">Sa Autotrack sistemom za upravljanje flotom Va\u0161a kompanija postaje sna\u017ean igra\u010d koji diktira tempo u industriji.<\/span>\r\n\t\t\t\t\t\t<span class=\"toggle-icon opened\"><i class=\"a-icon-minus\"><\/i><\/span><span class=\"toggle-icon closed\"><i class=\"a-icon-plus\"><\/i><\/span>\t\t\t\t\t<\/a>\r\n\t\t\t\t<\/h4>\r\n\t\t\t\t\r\n\t\t\t\t<div id=\"08cd30c\" class=\"card-body collapsed elementor-widget-wrap elementor-element-populated\">\r\n\t\t\t\t\t\t\t\t\t\t\t\t\t\t\t\t<div class=\"elementor-element elementor-element-ee66749 elementor-widget elementor-widget-heading\" data-id=\"ee66749\" data-element_type=\"widget\" data-widget_type=\"heading.default\">\n\t\t\t\t<div class=\"elementor-widget-container\">\n\t\t\t<p class=\"elementor-heading-title elementor-size-default\">Ovo Vam pru\u017ea mogu\u0107nost da brzo reagujete na promene na tr\u017ei\u0161tu, usmeravate resurse ka najprofitabilnijim podru\u010djima i unapre\u0111ujete svoju operativnu efikasnost.<\/p>\t\t<\/div>\n\t\t\t\t<\/div>\n\t\t\t\t\t<\/div>\r\n\t\t\t<\/div>\r\n\t\t\t\t<\/div>\t\t\t<\/div>\r\n\t\t\t\t\t\t\t\t\t<\/div>\n\t\t","protected":false},"excerpt":{"rendered":"<p>Kontroli\u0161ite svaki detalj Va\u0161e flote Autotrack sistem za upravljanje flotom Vam pru\u017ea mogu\u0107nost da vodite detaljne evidencije o svakom vozilu u Va\u0161em vazduhoplovstvu. Na\u0161a platforma Vam omogu\u0107ava: pra\u0107enje osnovnih podataka [&hellip;]<\/p>\n","protected":false},"author":1,"featured_media":0,"parent":0,"menu_order":0,"comment_status":"closed","ping_status":"closed","template":"","meta":{"_acf_changed":false,"footnotes":""},"class_list":["post-8156","page","type-page","status-publish","hentry"],"acf":[],"_links":{"self":[{"href":"https:\/\/autotrack.rs\/sr\/wp-json\/wp\/v2\/pages\/8156","targetHints":{"allow":["GET"]}}],"collection":[{"href":"https:\/\/autotrack.rs\/sr\/wp-json\/wp\/v2\/pages"}],"about":[{"href":"https:\/\/autotrack.rs\/sr\/wp-json\/wp\/v2\/types\/page"}],"author":[{"embeddable":true,"href":"https:\/\/autotrack.rs\/sr\/wp-json\/wp\/v2\/users\/1"}],"replies":[{"embeddable":true,"href":"https:\/\/autotrack.rs\/sr\/wp-json\/wp\/v2\/comments?post=8156"}],"version-history":[{"count":0,"href":"https:\/\/autotrack.rs\/sr\/wp-json\/wp\/v2\/pages\/8156\/revisions"}],"wp:attachment":[{"href":"https:\/\/autotrack.rs\/sr\/wp-json\/wp\/v2\/media?parent=8156"}],"curies":[{"name":"wp","href":"https:\/\/api.w.org\/{rel}","templated":true}]}}