{"id":8151,"date":"2024-03-12T10:58:01","date_gmt":"2024-03-12T10:58:01","guid":{"rendered":"https:\/\/demo1.itsserbia.rs.itsserbia.rs\/?page_id=8151"},"modified":"2025-07-23T08:16:00","modified_gmt":"2025-07-23T08:16:00","slug":"softver","status":"publish","type":"page","link":"https:\/\/autotrack.rs\/sr\/softver\/","title":{"rendered":"Softver za upravljanje transportom"},"content":{"rendered":"\t\t<div data-elementor-type=\"wp-page\" data-elementor-id=\"8151\" class=\"elementor elementor-8151\">\n\t\t\t\t\t\t\t\t\t<div class=\" elementor-section elementor-top-section elementor-element elementor-element-c0f4a85 mt-10 elementor-section-boxed elementor-section-height-default elementor-section-height-default\" data-id=\"c0f4a85\" data-element_type=\"section\">\r\n\t\t\t\t\t\t\t\t<div class=\"elementor-container elementor-column-gap-default\">\r\n\t\t\t\t\r\n\t\t\t\t\t\t\t<div class=\" elementor-column elementor-col-50 elementor-top-column elementor-element elementor-element-bc62ba0\" data-id=\"bc62ba0\" data-element_type=\"column\">\r\n\r\n\t\t\t\r\n\t\t\t<div class=\"elementor-widget-wrap elementor-element-populated\">\r\n\t\t\t\t\t\t\t\t\r\n\t\t\t\t\t<div class=\"elementor-element elementor-element-4b5ef01 elementor-widget elementor-widget-image\" data-id=\"4b5ef01\" data-element_type=\"widget\" data-widget_type=\"image.default\">\n\t\t\t\t<div class=\"elementor-widget-container\">\n\t\t\t<style>\/*! elementor - v3.18.0 - 20-12-2023 *\/\n.elementor-widget-image{text-align:center}.elementor-widget-image a{display:inline-block}.elementor-widget-image a img[src$=\".svg\"]{width:48px}.elementor-widget-image img{vertical-align:middle;display:inline-block}<\/style>\t\t\t\t\t\t\t\t\t\t\t\t<img fetchpriority=\"high\" decoding=\"async\" width=\"2560\" height=\"1678\" src=\"https:\/\/autotrack.rs\/wp-content\/uploads\/2024\/03\/shutterstock-1819687022-scaled.jpg\" class=\"attachment-full size-full wp-image-8118\" alt=\"\" srcset=\"https:\/\/autotrack.rs\/wp-content\/uploads\/2024\/03\/shutterstock-1819687022-scaled.jpg 2560w, https:\/\/autotrack.rs\/wp-content\/uploads\/2024\/03\/shutterstock-1819687022-1024x671.jpg 1024w, https:\/\/autotrack.rs\/wp-content\/uploads\/2024\/03\/shutterstock-1819687022-768x503.jpg 768w, https:\/\/autotrack.rs\/wp-content\/uploads\/2024\/03\/shutterstock-1819687022-1536x1007.jpg 1536w, https:\/\/autotrack.rs\/wp-content\/uploads\/2024\/03\/shutterstock-1819687022-2048x1343.jpg 2048w\" sizes=\"(max-width: 2560px) 100vw, 2560px\" \/>\t\t\t\t\t\t\t\t\t\t\t\t\t\t\t<\/div>\n\t\t\t\t<\/div>\n\t\t\t\t\t<\/div>\r\n\t\t\t<\/div>\r\n\t\t\t\t\t\t\t<div class=\" elementor-column elementor-col-50 elementor-top-column elementor-element elementor-element-0179e6a pl-xl-6\" data-id=\"0179e6a\" data-element_type=\"column\">\r\n\r\n\t\t\t\r\n\t\t\t<div class=\"elementor-widget-wrap elementor-element-populated\">\r\n\t\t\t\t\t\t\t\t\r\n\t\t\t\t\t<div class=\"elementor-element elementor-element-b17230b elementor-widget elementor-widget-heading\" data-id=\"b17230b\" data-element_type=\"widget\" data-widget_type=\"heading.default\">\n\t\t\t\t<div class=\"elementor-widget-container\">\n\t\t\t<style>\/*! elementor - v3.18.0 - 20-12-2023 *\/\n.elementor-heading-title{padding:0;margin:0;line-height:1}.elementor-widget-heading .elementor-heading-title[class*=elementor-size-]>a{color:inherit;font-size:inherit;line-height:inherit}.elementor-widget-heading .elementor-heading-title.elementor-size-small{font-size:15px}.elementor-widget-heading .elementor-heading-title.elementor-size-medium{font-size:19px}.elementor-widget-heading .elementor-heading-title.elementor-size-large{font-size:29px}.elementor-widget-heading .elementor-heading-title.elementor-size-xl{font-size:39px}.elementor-widget-heading .elementor-heading-title.elementor-size-xxl{font-size:59px}<\/style><h2 class=\"elementor-heading-title elementor-size-default\">U\u010dinite upravljanje transportom revolucionarnijim uz pomo\u0107 Autotrack softvera<\/h2>\t\t<\/div>\n\t\t\t\t<\/div>\n\t\t\t\t<div class=\"elementor-element elementor-element-d24f10c elementor-widget elementor-widget-heading\" data-id=\"d24f10c\" data-element_type=\"widget\" data-widget_type=\"heading.default\">\n\t\t\t\t<div class=\"elementor-widget-container\">\n\t\t\t<p class=\"elementor-heading-title elementor-size-default\">Autotrack softver za upravljanje transportom je dizajniran da pobolj\u0161a i unapredi svaki aspekt Va\u0161eg poslovanja.<\/p>\t\t<\/div>\n\t\t\t\t<\/div>\n\t\t\t\t<div class=\"elementor-element elementor-element-ecc9d71 elementor-widget elementor-widget-heading\" data-id=\"ecc9d71\" data-element_type=\"widget\" data-widget_type=\"heading.default\">\n\t\t\t\t<div class=\"elementor-widget-container\">\n\t\t\t<p class=\"elementor-heading-title elementor-size-default\">Na\u0161 inovativni softver Vam omogu\u0107ava da:<\/p>\t\t<\/div>\n\t\t\t\t<\/div>\n\t\t\t\t<div class=\"elementor-element elementor-element-613b52b elementor-icon-list--layout-traditional elementor-widget elementor-widget-alpha_widget_iconlist\" data-id=\"613b52b\" data-element_type=\"widget\" data-widget_type=\"alpha_widget_iconlist.default\">\n\t\t\t\t<div class=\"elementor-widget-container\">\n\t\t\t<link rel=\"stylesheet\" href=\"https:\/\/autotrack.rs\/wp-content\/plugins\/elementor\/assets\/css\/widget-icon-list.min.css\"><ul class=\"elementor-icon-list-items\">\r\n\t\t\t<li class=\"elementor-icon-list-item\">\r\n\t\t\t\t\t\t\t<span class=\"elementor-icon-list-icon\">\r\n\t\t\t\t<i aria-hidden=\"true\" class=\"  a-icon-verification\"><\/i>\t\t\t\t<\/span>\r\n\t\t\t\t\t\t<span class=\"elementor-icon-list-text\">optimizujete rute<\/span>\r\n\t\t\t\t\t<\/li>\r\n\t\t\t\t<li class=\"elementor-icon-list-item\">\r\n\t\t\t\t\t\t\t<span class=\"elementor-icon-list-icon\">\r\n\t\t\t\t<i aria-hidden=\"true\" class=\"  a-icon-verification\"><\/i>\t\t\t\t<\/span>\r\n\t\t\t\t\t\t<span class=\"elementor-icon-list-text\">upravljate radnim nalozima<\/span>\r\n\t\t\t\t\t<\/li>\r\n\t\t\t\t<li class=\"elementor-icon-list-item\">\r\n\t\t\t\t\t\t\t<span class=\"elementor-icon-list-icon\">\r\n\t\t\t\t<i aria-hidden=\"true\" class=\"  a-icon-verification\"><\/i>\t\t\t\t<\/span>\r\n\t\t\t\t\t\t<span class=\"elementor-icon-list-text\">automatizujete fakturisanje<\/span>\r\n\t\t\t\t\t<\/li>\r\n\t\t<\/ul>\r\n\t\t<\/div>\n\t\t\t\t<\/div>\n\t\t\t\t\t<\/div>\r\n\t\t\t<\/div>\r\n\t\t\t\t\t\t\t<\/div>\r\n\t\t\t<\/div>\r\n\t\t\t\t\t<div class=\" elementor-section elementor-top-section elementor-element elementor-element-29140c2 elementor-section-boxed elementor-section-height-default elementor-section-height-default\" data-id=\"29140c2\" data-element_type=\"section\">\r\n\t\t\t\t\t\t\t<div class=\"elementor-container elementor-column-gap-no  accordion accordion-shadow\">\r\n\t\t\t\t\t\t\t\t\t\t\t<div class=\" card collapse elementor-column elementor-col-33 elementor-top-column elementor-element elementor-element-db8ad95\" data-id=\"db8ad95\" data-element_type=\"column\">\r\n\t\t\t\t\t\t\t\t<h4 class=\"card-header\">\r\n\t\t\t\t\t<a href=\"db8ad95\" class=\"collapse\">\r\n\t\t\t\t\t\t\t\t\t\t\t\t<span class=\"title\">Sa Autotrack softverom Va\u0161e operacije \u0107e biti br\u017ee, efikasnije i isplativije.<\/span>\r\n\t\t\t\t\t\t<span class=\"toggle-icon opened\"><i class=\"a-icon-minus\"><\/i><\/span><span class=\"toggle-icon closed\"><i class=\"a-icon-plus\"><\/i><\/span>\t\t\t\t\t<\/a>\r\n\t\t\t\t<\/h4>\r\n\t\t\t\t\r\n\t\t\t\t<div id=\"db8ad95\" class=\"card-body expanded elementor-widget-wrap elementor-element-populated\">\r\n\t\t\t\t\t\t\t\t\t\t\t\t\t\t\t\t<div class=\"elementor-element elementor-element-0f579bf elementor-widget elementor-widget-heading\" data-id=\"0f579bf\" data-element_type=\"widget\" data-widget_type=\"heading.default\">\n\t\t\t\t<div class=\"elementor-widget-container\">\n\t\t\t<p class=\"elementor-heading-title elementor-size-default\">Otkrijte kako na\u0161 softver mo\u017ee da Vam pomogne da dostignete nove visine u efikasnosti i profitabilnosti.<\/p>\t\t<\/div>\n\t\t\t\t<\/div>\n\t\t\t\t\t<\/div>\r\n\t\t\t<\/div>\r\n\t\t\t\t\t\t\t<div class=\" card elementor-column elementor-col-33 elementor-top-column elementor-element elementor-element-c1c7a34\" data-id=\"c1c7a34\" data-element_type=\"column\">\r\n\t\t\t\t\t\t\t\t<h4 class=\"card-header\">\r\n\t\t\t\t\t<a href=\"c1c7a34\" class=\"expand\">\r\n\t\t\t\t\t\t\t\t\t\t\t\t<span class=\"title\">Inteligentni analiti\u010dki moduli u Autotrack softveru pru\u017eaju dubok uvid u Va\u0161u transportnu mre\u017eu i operacije.<\/span>\r\n\t\t\t\t\t\t<span class=\"toggle-icon opened\"><i class=\"a-icon-minus\"><\/i><\/span><span class=\"toggle-icon closed\"><i class=\"a-icon-plus\"><\/i><\/span>\t\t\t\t\t<\/a>\r\n\t\t\t\t<\/h4>\r\n\t\t\t\t\r\n\t\t\t\t<div id=\"c1c7a34\" class=\"card-body collapsed elementor-widget-wrap elementor-element-populated\">\r\n\t\t\t\t\t\t\t\t\t\t\t\t\t\t\t\t<div class=\"elementor-element elementor-element-7b58229 elementor-widget elementor-widget-heading\" data-id=\"7b58229\" data-element_type=\"widget\" data-widget_type=\"heading.default\">\n\t\t\t\t<div class=\"elementor-widget-container\">\n\t\t\t<p class=\"elementor-heading-title elementor-size-default\">Ovo obuzdava neefikasnosti i prepreke pre nego \u0161to se one pojave, poma\u017eu\u0107i Vam da izbegnete kasne isporuke, nedostatak inventara i nedovoljno iskori\u0161\u0107ene kapacitete. Otkrijte nove na\u010dine optimizacije Va\u0161eg transportnog lanca i pove\u0107ajte konkurentnost Va\u0161eg poslovanja u brzom i zahtevnom svetu trgovine.<\/p>\t\t<\/div>\n\t\t\t\t<\/div>\n\t\t\t\t\t<\/div>\r\n\t\t\t<\/div>\r\n\t\t\t\t\t\t\t<div class=\" card elementor-column elementor-col-33 elementor-top-column elementor-element elementor-element-1617414\" data-id=\"1617414\" data-element_type=\"column\">\r\n\t\t\t\t\t\t\t\t<h4 class=\"card-header\">\r\n\t\t\t\t\t<a href=\"1617414\" class=\"expand\">\r\n\t\t\t\t\t\t\t\t\t\t\t\t<span class=\"title\">Autotrack softver \u010dini Va\u0161e transportne operacije jasnijim i lak\u0161im za kontrolu<\/span>\r\n\t\t\t\t\t\t<span class=\"toggle-icon opened\"><i class=\"a-icon-minus\"><\/i><\/span><span class=\"toggle-icon closed\"><i class=\"a-icon-plus\"><\/i><\/span>\t\t\t\t\t<\/a>\r\n\t\t\t\t<\/h4>\r\n\t\t\t\t\r\n\t\t\t\t<div id=\"1617414\" class=\"card-body collapsed elementor-widget-wrap elementor-element-populated\">\r\n\t\t\t\t\t\t\t\t\t\t\t\t\t\t\t\t<div class=\"elementor-element elementor-element-6ba5c60 elementor-widget elementor-widget-heading\" data-id=\"6ba5c60\" data-element_type=\"widget\" data-widget_type=\"heading.default\">\n\t\t\t\t<div class=\"elementor-widget-container\">\n\t\t\t<p class=\"elementor-heading-title elementor-size-default\">Na\u0161 intuitivni korisni\u010dki interfejs i mogu\u0107nosti prilago\u0111avanja Vam omogu\u0107avaju da lako pristupite i analizirate podatke o Va\u0161im transportnim operacijama, bez potrebe za dugim obukama ili specijalizovanim znanjem. Ovo Vam omogu\u0107ava da brzo reagujete na promene i donesete inteligentne odluke koje \u0107e Va\u0161e poslovanje odvesti ka novim visinama uspeha.<\/p>\t\t<\/div>\n\t\t\t\t<\/div>\n\t\t\t\t\t<\/div>\r\n\t\t\t<\/div>\r\n\t\t\t\t<\/div>\t\t\t<\/div>\r\n\t\t\t\t\t\t\t\t\t<\/div>\n\t\t","protected":false},"excerpt":{"rendered":"<p>U\u010dinite upravljanje transportom revolucionarnijim uz pomo\u0107 Autotrack softvera Autotrack softver za upravljanje transportom je dizajniran da pobolj\u0161a i unapredi svaki aspekt Va\u0161eg poslovanja. Na\u0161 inovativni softver Vam omogu\u0107ava da: optimizujete [&hellip;]<\/p>\n","protected":false},"author":1,"featured_media":0,"parent":0,"menu_order":0,"comment_status":"closed","ping_status":"closed","template":"","meta":{"_acf_changed":false,"footnotes":""},"class_list":["post-8151","page","type-page","status-publish","hentry"],"acf":[],"_links":{"self":[{"href":"https:\/\/autotrack.rs\/sr\/wp-json\/wp\/v2\/pages\/8151","targetHints":{"allow":["GET"]}}],"collection":[{"href":"https:\/\/autotrack.rs\/sr\/wp-json\/wp\/v2\/pages"}],"about":[{"href":"https:\/\/autotrack.rs\/sr\/wp-json\/wp\/v2\/types\/page"}],"author":[{"embeddable":true,"href":"https:\/\/autotrack.rs\/sr\/wp-json\/wp\/v2\/users\/1"}],"replies":[{"embeddable":true,"href":"https:\/\/autotrack.rs\/sr\/wp-json\/wp\/v2\/comments?post=8151"}],"version-history":[{"count":0,"href":"https:\/\/autotrack.rs\/sr\/wp-json\/wp\/v2\/pages\/8151\/revisions"}],"wp:attachment":[{"href":"https:\/\/autotrack.rs\/sr\/wp-json\/wp\/v2\/media?parent=8151"}],"curies":[{"name":"wp","href":"https:\/\/api.w.org\/{rel}","templated":true}]}}