{"id":8146,"date":"2024-03-12T10:50:46","date_gmt":"2024-03-12T10:50:46","guid":{"rendered":"https:\/\/demo1.itsserbia.rs.itsserbia.rs\/?page_id=8146"},"modified":"2025-07-18T10:38:36","modified_gmt":"2025-07-18T10:38:36","slug":"napredni_podaci","status":"publish","type":"page","link":"https:\/\/autotrack.rs\/sr\/napredni_podaci\/","title":{"rendered":"Pra\u0107enje naprednih podataka"},"content":{"rendered":"\t\t<div data-elementor-type=\"wp-page\" data-elementor-id=\"8146\" class=\"elementor elementor-8146\">\n\t\t\t\t\t\t\t\t\t<div class=\" elementor-section elementor-top-section elementor-element elementor-element-c0f4a85 mt-10 elementor-section-boxed elementor-section-height-default elementor-section-height-default\" data-id=\"c0f4a85\" data-element_type=\"section\">\r\n\t\t\t\t\t\t\t\t<div class=\"elementor-container elementor-column-gap-default\">\r\n\t\t\t\t\r\n\t\t\t\t\t\t\t<div class=\" elementor-column elementor-col-50 elementor-top-column elementor-element elementor-element-bc62ba0\" data-id=\"bc62ba0\" data-element_type=\"column\">\r\n\r\n\t\t\t\r\n\t\t\t<div class=\"elementor-widget-wrap elementor-element-populated\">\r\n\t\t\t\t\t\t\t\t\r\n\t\t\t\t\t<div class=\"elementor-element elementor-element-4b5ef01 elementor-widget elementor-widget-image\" data-id=\"4b5ef01\" data-element_type=\"widget\" data-widget_type=\"image.default\">\n\t\t\t\t<div class=\"elementor-widget-container\">\n\t\t\t<style>\/*! elementor - v3.18.0 - 20-12-2023 *\/\n.elementor-widget-image{text-align:center}.elementor-widget-image a{display:inline-block}.elementor-widget-image a img[src$=\".svg\"]{width:48px}.elementor-widget-image img{vertical-align:middle;display:inline-block}<\/style>\t\t\t\t\t\t\t\t\t\t\t\t<img fetchpriority=\"high\" decoding=\"async\" width=\"2560\" height=\"1678\" src=\"https:\/\/autotrack.rs\/wp-content\/uploads\/2024\/03\/shutterstock-1819687022-scaled.jpg\" class=\"attachment-full size-full wp-image-8118\" alt=\"\" srcset=\"https:\/\/autotrack.rs\/wp-content\/uploads\/2024\/03\/shutterstock-1819687022-scaled.jpg 2560w, https:\/\/autotrack.rs\/wp-content\/uploads\/2024\/03\/shutterstock-1819687022-1024x671.jpg 1024w, https:\/\/autotrack.rs\/wp-content\/uploads\/2024\/03\/shutterstock-1819687022-768x503.jpg 768w, https:\/\/autotrack.rs\/wp-content\/uploads\/2024\/03\/shutterstock-1819687022-1536x1007.jpg 1536w, https:\/\/autotrack.rs\/wp-content\/uploads\/2024\/03\/shutterstock-1819687022-2048x1343.jpg 2048w\" sizes=\"(max-width: 2560px) 100vw, 2560px\" \/>\t\t\t\t\t\t\t\t\t\t\t\t\t\t\t<\/div>\n\t\t\t\t<\/div>\n\t\t\t\t\t<\/div>\r\n\t\t\t<\/div>\r\n\t\t\t\t\t\t\t<div class=\" elementor-column elementor-col-50 elementor-top-column elementor-element elementor-element-0179e6a pl-xl-6\" data-id=\"0179e6a\" data-element_type=\"column\">\r\n\r\n\t\t\t\r\n\t\t\t<div class=\"elementor-widget-wrap elementor-element-populated\">\r\n\t\t\t\t\t\t\t\t\r\n\t\t\t\t\t<div class=\"elementor-element elementor-element-b17230b elementor-widget elementor-widget-heading\" data-id=\"b17230b\" data-element_type=\"widget\" data-widget_type=\"heading.default\">\n\t\t\t\t<div class=\"elementor-widget-container\">\n\t\t\t<style>\/*! elementor - v3.18.0 - 20-12-2023 *\/\n.elementor-heading-title{padding:0;margin:0;line-height:1}.elementor-widget-heading .elementor-heading-title[class*=elementor-size-]>a{color:inherit;font-size:inherit;line-height:inherit}.elementor-widget-heading .elementor-heading-title.elementor-size-small{font-size:15px}.elementor-widget-heading .elementor-heading-title.elementor-size-medium{font-size:19px}.elementor-widget-heading .elementor-heading-title.elementor-size-large{font-size:29px}.elementor-widget-heading .elementor-heading-title.elementor-size-xl{font-size:39px}.elementor-widget-heading .elementor-heading-title.elementor-size-xxl{font-size:59px}<\/style><h2 class=\"elementor-heading-title elementor-size-default\">Transformi\u0161ite Va\u0161e poslovanje<\/h2>\t\t<\/div>\n\t\t\t\t<\/div>\n\t\t\t\t<div class=\"elementor-element elementor-element-d24f10c elementor-widget elementor-widget-heading\" data-id=\"d24f10c\" data-element_type=\"widget\" data-widget_type=\"heading.default\">\n\t\t\t\t<div class=\"elementor-widget-container\">\n\t\t\t<p class=\"elementor-heading-title elementor-size-default\">Autotrack nudi napredna re\u0161enja za pra\u0107enje vozila koja su specijalno dizajnirana da Vam pru\u017ee duboke uvide u svaki aspekt upravljanja Va\u0161im voznim parkom.<\/p>\t\t<\/div>\n\t\t\t\t<\/div>\n\t\t\t\t<div class=\"elementor-element elementor-element-ecc9d71 elementor-widget elementor-widget-heading\" data-id=\"ecc9d71\" data-element_type=\"widget\" data-widget_type=\"heading.default\">\n\t\t\t\t<div class=\"elementor-widget-container\">\n\t\t\t<p class=\"elementor-heading-title elementor-size-default\">Sa na\u0161im sistemom mo\u017eete o\u010dekivati:<\/p>\t\t<\/div>\n\t\t\t\t<\/div>\n\t\t\t\t<div class=\"elementor-element elementor-element-613b52b elementor-icon-list--layout-traditional elementor-widget elementor-widget-alpha_widget_iconlist\" data-id=\"613b52b\" data-element_type=\"widget\" data-widget_type=\"alpha_widget_iconlist.default\">\n\t\t\t\t<div class=\"elementor-widget-container\">\n\t\t\t<link rel=\"stylesheet\" href=\"https:\/\/autotrack.rs\/wp-content\/plugins\/elementor\/assets\/css\/widget-icon-list.min.css\"><ul class=\"elementor-icon-list-items\">\r\n\t\t\t<li class=\"elementor-icon-list-item\">\r\n\t\t\t\t\t\t\t<span class=\"elementor-icon-list-icon\">\r\n\t\t\t\t<i aria-hidden=\"true\" class=\"  a-icon-verification\"><\/i>\t\t\t\t<\/span>\r\n\t\t\t\t\t\t<span class=\"elementor-icon-list-text\">detaljnu analizu performansi vozila<\/span>\r\n\t\t\t\t\t<\/li>\r\n\t\t\t\t<li class=\"elementor-icon-list-item\">\r\n\t\t\t\t\t\t\t<span class=\"elementor-icon-list-icon\">\r\n\t\t\t\t<i aria-hidden=\"true\" class=\"  a-icon-verification\"><\/i>\t\t\t\t<\/span>\r\n\t\t\t\t\t\t<span class=\"elementor-icon-list-text\">efikasno upravljanje potro\u0161njom goriva<\/span>\r\n\t\t\t\t\t<\/li>\r\n\t\t\t\t<li class=\"elementor-icon-list-item\">\r\n\t\t\t\t\t\t\t<span class=\"elementor-icon-list-icon\">\r\n\t\t\t\t<i aria-hidden=\"true\" class=\"  a-icon-verification\"><\/i>\t\t\t\t<\/span>\r\n\t\t\t\t\t\t<span class=\"elementor-icon-list-text\">pobolj\u0161anje pona\u0161anja voza\u010da<\/span>\r\n\t\t\t\t\t<\/li>\r\n\t\t<\/ul>\r\n\t\t<\/div>\n\t\t\t\t<\/div>\n\t\t\t\t\t<\/div>\r\n\t\t\t<\/div>\r\n\t\t\t\t\t\t\t<\/div>\r\n\t\t\t<\/div>\r\n\t\t\t\t\t<div class=\" elementor-section elementor-top-section elementor-element elementor-element-56538e26 elementor-section-boxed elementor-section-height-default elementor-section-height-default\" data-id=\"56538e26\" data-element_type=\"section\">\r\n\t\t\t\t\t\t\t<div class=\"elementor-container elementor-column-gap-no  accordion accordion-shadow\">\r\n\t\t\t\t\t\t\t\t\t\t\t<div class=\" card collapse elementor-column elementor-col-33 elementor-top-column elementor-element elementor-element-522b5040\" data-id=\"522b5040\" data-element_type=\"column\">\r\n\t\t\t\t\t\t\t\t<h4 class=\"card-header\">\r\n\t\t\t\t\t<a href=\"522b5040\" class=\"collapse\">\r\n\t\t\t\t\t\t\t\t\t\t\t\t<span class=\"title\">Sa Autotrack softverom Va\u0161a kompanija mo\u017ee posti\u0107i vi\u0161i nivo efikasnosti i bezbednosti, dok istovremeno smanjujete tro\u0161kove.<\/span>\r\n\t\t\t\t\t\t<span class=\"toggle-icon opened\"><i class=\"a-icon-minus\"><\/i><\/span><span class=\"toggle-icon closed\"><i class=\"a-icon-plus\"><\/i><\/span>\t\t\t\t\t<\/a>\r\n\t\t\t\t<\/h4>\r\n\t\t\t\t\r\n\t\t\t\t<div id=\"522b5040\" class=\"card-body expanded elementor-widget-wrap elementor-element-populated\">\r\n\t\t\t\t\t\t\t\t\t\t\t\t\t\t\t\t<div class=\"elementor-element elementor-element-16b5a14c elementor-widget elementor-widget-heading\" data-id=\"16b5a14c\" data-element_type=\"widget\" data-widget_type=\"heading.default\">\n\t\t\t\t<div class=\"elementor-widget-container\">\n\t\t\t<p class=\"elementor-heading-title elementor-size-default\">Otkrijte kako na\u0161a tehnologija mo\u017ee da Vam pomogne da napravite slede\u0107i veliki korak u upravljanju Va\u0161im voznim parkom.<\/p>\t\t<\/div>\n\t\t\t\t<\/div>\n\t\t\t\t\t<\/div>\r\n\t\t\t<\/div>\r\n\t\t\t\t\t\t\t<div class=\" card elementor-column elementor-col-33 elementor-top-column elementor-element elementor-element-67992692\" data-id=\"67992692\" data-element_type=\"column\">\r\n\t\t\t\t\t\t\t\t<h4 class=\"card-header\">\r\n\t\t\t\t\t<a href=\"67992692\" class=\"expand\">\r\n\t\t\t\t\t\t\t\t\t\t\t\t<span class=\"title\">Integracijom Autotrack softvera u Va\u0161u infrastrukturu, otvarate vrata za bolje razumevanje i upravljanje svim aspektima Va\u0161eg poslovanja.<\/span>\r\n\t\t\t\t\t\t<span class=\"toggle-icon opened\"><i class=\"a-icon-minus\"><\/i><\/span><span class=\"toggle-icon closed\"><i class=\"a-icon-plus\"><\/i><\/span>\t\t\t\t\t<\/a>\r\n\t\t\t\t<\/h4>\r\n\t\t\t\t\r\n\t\t\t\t<div id=\"67992692\" class=\"card-body collapsed elementor-widget-wrap elementor-element-populated\">\r\n\t\t\t\t\t\t\t\t\t\t\t\t\t\t\t\t<div class=\"elementor-element elementor-element-7dbf0465 elementor-widget elementor-widget-heading\" data-id=\"7dbf0465\" data-element_type=\"widget\" data-widget_type=\"heading.default\">\n\t\t\t\t<div class=\"elementor-widget-container\">\n\t\t\t<p class=\"elementor-heading-title elementor-size-default\">Na\u0161a analitika omogu\u0107ava precizno pra\u0107enje izazova i predvi\u0111anje mogu\u0107ih problema pre nego \u0161to postanu kriti\u010dni. Ne samo \u0161to u\u0161tedjujete vreme i resurse, ve\u0107 i stvarate fundament za odlu\u010dne i uspe\u0161ne korake u budu\u0107nosti.<\/p>\t\t<\/div>\n\t\t\t\t<\/div>\n\t\t\t\t\t<\/div>\r\n\t\t\t<\/div>\r\n\t\t\t\t\t\t\t<div class=\" card elementor-column elementor-col-33 elementor-top-column elementor-element elementor-element-008c914\" data-id=\"008c914\" data-element_type=\"column\">\r\n\t\t\t\t\t\t\t\t<h4 class=\"card-header\">\r\n\t\t\t\t\t<a href=\"008c914\" class=\"expand\">\r\n\t\t\t\t\t\t\t\t\t\t\t\t<span class=\"title\">Na\u0161i napredni algoritmi obrade podataka omogu\u0107avaju Vam da identifikujete i analizirate trendove u potro\u0161nji goriva, rutama i vremenu pristizanja.<\/span>\r\n\t\t\t\t\t\t<span class=\"toggle-icon opened\"><i class=\"a-icon-minus\"><\/i><\/span><span class=\"toggle-icon closed\"><i class=\"a-icon-plus\"><\/i><\/span>\t\t\t\t\t<\/a>\r\n\t\t\t\t<\/h4>\r\n\t\t\t\t\r\n\t\t\t\t<div id=\"008c914\" class=\"card-body collapsed elementor-widget-wrap elementor-element-populated\">\r\n\t\t\t\t\t\t\t\t\t\t\t\t\t\t\t\t<div class=\"elementor-element elementor-element-b7940bc elementor-widget elementor-widget-heading\" data-id=\"b7940bc\" data-element_type=\"widget\" data-widget_type=\"heading.default\">\n\t\t\t\t<div class=\"elementor-widget-container\">\n\t\t\t<p class=\"elementor-heading-title elementor-size-default\">Ovo duboko razumevanje Va\u0161eg poslovanja poma\u017ee da optimizujete mar\u0161rute i resurse, smanjuju\u0107i operativne tro\u0161kove i pove\u0107avaju\u0107i efikasnost. Uz na\u0161u tehnologiju, Va\u0161a kompanija mo\u017ee da pre\u0111e sa reaktivnog na prognosti\u010dko upravljanje, \u0161to Vas stavlja na \u010delo industrije u Va\u0161em sektoru.<\/p>\t\t<\/div>\n\t\t\t\t<\/div>\n\t\t\t\t\t<\/div>\r\n\t\t\t<\/div>\r\n\t\t\t\t<\/div>\t\t\t<\/div>\r\n\t\t\t\t\t\t\t\t\t<\/div>\n\t\t","protected":false},"excerpt":{"rendered":"<p>Transformi\u0161ite Va\u0161e poslovanje Autotrack nudi napredna re\u0161enja za pra\u0107enje vozila koja su specijalno dizajnirana da Vam pru\u017ee duboke uvide u svaki aspekt upravljanja Va\u0161im voznim parkom. Sa na\u0161im sistemom mo\u017eete [&hellip;]<\/p>\n","protected":false},"author":1,"featured_media":0,"parent":0,"menu_order":0,"comment_status":"closed","ping_status":"closed","template":"","meta":{"_acf_changed":false,"footnotes":""},"class_list":["post-8146","page","type-page","status-publish","hentry"],"acf":[],"_links":{"self":[{"href":"https:\/\/autotrack.rs\/sr\/wp-json\/wp\/v2\/pages\/8146","targetHints":{"allow":["GET"]}}],"collection":[{"href":"https:\/\/autotrack.rs\/sr\/wp-json\/wp\/v2\/pages"}],"about":[{"href":"https:\/\/autotrack.rs\/sr\/wp-json\/wp\/v2\/types\/page"}],"author":[{"embeddable":true,"href":"https:\/\/autotrack.rs\/sr\/wp-json\/wp\/v2\/users\/1"}],"replies":[{"embeddable":true,"href":"https:\/\/autotrack.rs\/sr\/wp-json\/wp\/v2\/comments?post=8146"}],"version-history":[{"count":0,"href":"https:\/\/autotrack.rs\/sr\/wp-json\/wp\/v2\/pages\/8146\/revisions"}],"wp:attachment":[{"href":"https:\/\/autotrack.rs\/sr\/wp-json\/wp\/v2\/media?parent=8146"}],"curies":[{"name":"wp","href":"https:\/\/api.w.org\/{rel}","templated":true}]}}