{"id":2486,"date":"2022-08-13T03:06:52","date_gmt":"2022-08-13T03:06:52","guid":{"rendered":"https:\/\/d-themes.com\/wordpress\/alpha\/main\/?page_id=2486"},"modified":"2025-07-18T10:16:46","modified_gmt":"2025-07-18T10:16:46","slug":"gps","status":"publish","type":"page","link":"https:\/\/autotrack.rs\/sr\/gps\/","title":{"rendered":"GPS pra\u0107enje vozila"},"content":{"rendered":"\t\t<div data-elementor-type=\"wp-page\" data-elementor-id=\"2486\" class=\"elementor elementor-2486\">\n\t\t\t\t\t\t\t\t\t<div class=\" elementor-section elementor-top-section elementor-element elementor-element-c0f4a85 mt-10 elementor-section-boxed elementor-section-height-default elementor-section-height-default\" data-id=\"c0f4a85\" data-element_type=\"section\">\r\n\t\t\t\t\t\t\t\t<div class=\"elementor-container elementor-column-gap-default\">\r\n\t\t\t\t\r\n\t\t\t\t\t\t\t<div class=\" elementor-column elementor-col-50 elementor-top-column elementor-element elementor-element-bc62ba0\" data-id=\"bc62ba0\" data-element_type=\"column\">\r\n\r\n\t\t\t\r\n\t\t\t<div class=\"elementor-widget-wrap elementor-element-populated\">\r\n\t\t\t\t\t\t\t\t\r\n\t\t\t\t\t<div class=\"elementor-element elementor-element-4b5ef01 elementor-widget elementor-widget-image\" data-id=\"4b5ef01\" data-element_type=\"widget\" data-widget_type=\"image.default\">\n\t\t\t\t<div class=\"elementor-widget-container\">\n\t\t\t<style>\/*! elementor - v3.18.0 - 20-12-2023 *\/\n.elementor-widget-image{text-align:center}.elementor-widget-image a{display:inline-block}.elementor-widget-image a img[src$=\".svg\"]{width:48px}.elementor-widget-image img{vertical-align:middle;display:inline-block}<\/style>\t\t\t\t\t\t\t\t\t\t\t\t<img fetchpriority=\"high\" decoding=\"async\" width=\"2560\" height=\"1678\" src=\"https:\/\/autotrack.rs\/wp-content\/uploads\/2024\/03\/shutterstock-1819687022-scaled.jpg\" class=\"attachment-full size-full wp-image-8118\" alt=\"\" srcset=\"https:\/\/autotrack.rs\/wp-content\/uploads\/2024\/03\/shutterstock-1819687022-scaled.jpg 2560w, https:\/\/autotrack.rs\/wp-content\/uploads\/2024\/03\/shutterstock-1819687022-1024x671.jpg 1024w, https:\/\/autotrack.rs\/wp-content\/uploads\/2024\/03\/shutterstock-1819687022-768x503.jpg 768w, https:\/\/autotrack.rs\/wp-content\/uploads\/2024\/03\/shutterstock-1819687022-1536x1007.jpg 1536w, https:\/\/autotrack.rs\/wp-content\/uploads\/2024\/03\/shutterstock-1819687022-2048x1343.jpg 2048w\" sizes=\"(max-width: 2560px) 100vw, 2560px\" \/>\t\t\t\t\t\t\t\t\t\t\t\t\t\t\t<\/div>\n\t\t\t\t<\/div>\n\t\t\t\t\t<\/div>\r\n\t\t\t<\/div>\r\n\t\t\t\t\t\t\t<div class=\" elementor-column elementor-col-50 elementor-top-column elementor-element elementor-element-0179e6a pl-xl-6\" data-id=\"0179e6a\" data-element_type=\"column\">\r\n\r\n\t\t\t\r\n\t\t\t<div class=\"elementor-widget-wrap elementor-element-populated\">\r\n\t\t\t\t\t\t\t\t\r\n\t\t\t\t\t<div class=\"elementor-element elementor-element-b17230b elementor-widget elementor-widget-heading\" data-id=\"b17230b\" data-element_type=\"widget\" data-widget_type=\"heading.default\">\n\t\t\t\t<div class=\"elementor-widget-container\">\n\t\t\t<style>\/*! elementor - v3.18.0 - 20-12-2023 *\/\n.elementor-heading-title{padding:0;margin:0;line-height:1}.elementor-widget-heading .elementor-heading-title[class*=elementor-size-]>a{color:inherit;font-size:inherit;line-height:inherit}.elementor-widget-heading .elementor-heading-title.elementor-size-small{font-size:15px}.elementor-widget-heading .elementor-heading-title.elementor-size-medium{font-size:19px}.elementor-widget-heading .elementor-heading-title.elementor-size-large{font-size:29px}.elementor-widget-heading .elementor-heading-title.elementor-size-xl{font-size:39px}.elementor-widget-heading .elementor-heading-title.elementor-size-xxl{font-size:59px}<\/style><h2 class=\"elementor-heading-title elementor-size-default\">Va\u0161 put do optimalne efikasnosti<\/h2>\t\t<\/div>\n\t\t\t\t<\/div>\n\t\t\t\t<div class=\"elementor-element elementor-element-d24f10c elementor-widget elementor-widget-heading\" data-id=\"d24f10c\" data-element_type=\"widget\" data-widget_type=\"heading.default\">\n\t\t\t\t<div class=\"elementor-widget-container\">\n\t\t\t<p class=\"elementor-heading-title elementor-size-default\">Autotrack sistem za GPS pra\u0107enje vozila nudi vi\u0161e od obi\u010dnog pra\u0107enja. Sa naprednim funkcijama i intuitivnim interfejsom, omogu\u0107avamo Vam da imate potpunu kontrolu nad Va\u0161im voznim parkom.<\/p>\t\t<\/div>\n\t\t\t\t<\/div>\n\t\t\t\t<div class=\"elementor-element elementor-element-ecc9d71 elementor-widget elementor-widget-heading\" data-id=\"ecc9d71\" data-element_type=\"widget\" data-widget_type=\"heading.default\">\n\t\t\t\t<div class=\"elementor-widget-container\">\n\t\t\t<p class=\"elementor-heading-title elementor-size-default\">Na\u0161e re\u0161enje Vam pru\u017ea detaljan uvid u svaki aspekt Va\u0161eg voznog parka, \u0161to Vam poma\u017ee da:<\/p>\t\t<\/div>\n\t\t\t\t<\/div>\n\t\t\t\t<div class=\"elementor-element elementor-element-613b52b elementor-icon-list--layout-traditional elementor-widget elementor-widget-alpha_widget_iconlist\" data-id=\"613b52b\" data-element_type=\"widget\" data-widget_type=\"alpha_widget_iconlist.default\">\n\t\t\t\t<div class=\"elementor-widget-container\">\n\t\t\t<link rel=\"stylesheet\" href=\"https:\/\/autotrack.rs\/wp-content\/plugins\/elementor\/assets\/css\/widget-icon-list.min.css\"><ul class=\"elementor-icon-list-items\">\r\n\t\t\t<li class=\"elementor-icon-list-item\">\r\n\t\t\t\t\t\t\t<span class=\"elementor-icon-list-icon\">\r\n\t\t\t\t<i aria-hidden=\"true\" class=\"  a-icon-verification\"><\/i>\t\t\t\t<\/span>\r\n\t\t\t\t\t\t<span class=\"elementor-icon-list-text\">maksimizirate iskori\u0161\u0107enost vozila<\/span>\r\n\t\t\t\t\t<\/li>\r\n\t\t\t\t<li class=\"elementor-icon-list-item\">\r\n\t\t\t\t\t\t\t<span class=\"elementor-icon-list-icon\">\r\n\t\t\t\t<i aria-hidden=\"true\" class=\"  a-icon-verification\"><\/i>\t\t\t\t<\/span>\r\n\t\t\t\t\t\t<span class=\"elementor-icon-list-text\">pove\u0107ate produktivnost<\/span>\r\n\t\t\t\t\t<\/li>\r\n\t\t\t\t<li class=\"elementor-icon-list-item\">\r\n\t\t\t\t\t\t\t<span class=\"elementor-icon-list-icon\">\r\n\t\t\t\t<i aria-hidden=\"true\" class=\"  a-icon-verification\"><\/i>\t\t\t\t<\/span>\r\n\t\t\t\t\t\t<span class=\"elementor-icon-list-text\">u\u0161tedite vreme i novac<\/span>\r\n\t\t\t\t\t<\/li>\r\n\t\t<\/ul>\r\n\t\t<\/div>\n\t\t\t\t<\/div>\n\t\t\t\t\t<\/div>\r\n\t\t\t<\/div>\r\n\t\t\t\t\t\t\t<\/div>\r\n\t\t\t<\/div>\r\n\t\t\t\t\t<div class=\" elementor-section elementor-top-section elementor-element elementor-element-29140c2 elementor-section-boxed elementor-section-height-default elementor-section-height-default\" data-id=\"29140c2\" data-element_type=\"section\">\r\n\t\t\t\t\t\t\t<div class=\"elementor-container elementor-column-gap-no  accordion accordion-shadow\">\r\n\t\t\t\t\t\t\t\t\t\t\t<div class=\" card collapse elementor-column elementor-col-33 elementor-top-column elementor-element elementor-element-db8ad95\" data-id=\"db8ad95\" data-element_type=\"column\">\r\n\t\t\t\t\t\t\t\t<h4 class=\"card-header\">\r\n\t\t\t\t\t<a href=\"db8ad95\" class=\"collapse\">\r\n\t\t\t\t\t\t\t\t\t\t\t\t<span class=\"title\">Sa Autotrack-om, Vi ste uvek korak ispred<\/span>\r\n\t\t\t\t\t\t<span class=\"toggle-icon opened\"><i class=\"a-icon-minus\"><\/i><\/span><span class=\"toggle-icon closed\"><i class=\"a-icon-plus\"><\/i><\/span>\t\t\t\t\t<\/a>\r\n\t\t\t\t<\/h4>\r\n\t\t\t\t\r\n\t\t\t\t<div id=\"db8ad95\" class=\"card-body expanded elementor-widget-wrap elementor-element-populated\">\r\n\t\t\t\t\t\t\t\t\t\t\t\t\t\t\t\t<div class=\"elementor-element elementor-element-0f579bf elementor-widget elementor-widget-heading\" data-id=\"0f579bf\" data-element_type=\"widget\" data-widget_type=\"heading.default\">\n\t\t\t\t<div class=\"elementor-widget-container\">\n\t\t\t<p class=\"elementor-heading-title elementor-size-default\">Otkrijte kako na\u0161 sistem mo\u017ee transformisati Va\u0161e poslovanje i voditi Vas putem uspeha.<\/p>\t\t<\/div>\n\t\t\t\t<\/div>\n\t\t\t\t\t<\/div>\r\n\t\t\t<\/div>\r\n\t\t\t\t\t\t\t<div class=\" card elementor-column elementor-col-33 elementor-top-column elementor-element elementor-element-a39bc4e\" data-id=\"a39bc4e\" data-element_type=\"column\">\r\n\t\t\t\t\t\t\t\t<h4 class=\"card-header\">\r\n\t\t\t\t\t<a href=\"a39bc4e\" class=\"expand\">\r\n\t\t\t\t\t\t\t\t\t\t\t\t<span class=\"title\">Nadzor u realnom vremenu<\/span>\r\n\t\t\t\t\t\t<span class=\"toggle-icon opened\"><i class=\"a-icon-minus\"><\/i><\/span><span class=\"toggle-icon closed\"><i class=\"a-icon-plus\"><\/i><\/span>\t\t\t\t\t<\/a>\r\n\t\t\t\t<\/h4>\r\n\t\t\t\t\r\n\t\t\t\t<div id=\"a39bc4e\" class=\"card-body collapsed elementor-widget-wrap elementor-element-populated\">\r\n\t\t\t\t\t\t\t\t\t\t\t\t\t\t\t\t<div class=\"elementor-element elementor-element-d9a7fce elementor-widget elementor-widget-heading\" data-id=\"d9a7fce\" data-element_type=\"widget\" data-widget_type=\"heading.default\">\n\t\t\t\t<div class=\"elementor-widget-container\">\n\t\t\t<p class=\"elementor-heading-title elementor-size-default\"><ul>\n<li><b>\u0160ta je to:<\/b> Neprekidno pra\u0107enje lokacije vozila za stalnu vidljivost Va\u0161e flote.<\/li>\n<li><b>Prednosti:<\/b> Omogu\u0107ava trenutni odgovor na bilo koju situaciju, kao \u0161to je preusmeravanje oko saobra\u0107ajnih gu\u017evi ili pru\u017eanje ta\u010dnih informacija o vremenu dolaska kupcima.<\/li>\n<li><b>Prakti\u010dna primena:<\/b> Dispe\u010deri mogu koristiti podatke u realnom vremenu za optimizaciju ruta u letu, pobolj\u0161avaju\u0107i zadovoljstvo kupaca blagovremenim isporukama.<\/li><\/p>\t\t<\/div>\n\t\t\t\t<\/div>\n\t\t\t\t\t<\/div>\r\n\t\t\t<\/div>\r\n\t\t\t\t\t\t\t<div class=\" card elementor-column elementor-col-33 elementor-top-column elementor-element elementor-element-6e55e82\" data-id=\"6e55e82\" data-element_type=\"column\">\r\n\t\t\t\t\t\t\t\t<h4 class=\"card-header\">\r\n\t\t\t\t\t<a href=\"6e55e82\" class=\"expand\">\r\n\t\t\t\t\t\t\t\t\t\t\t\t<span class=\"title\">Operativna efikasnost<\/span>\r\n\t\t\t\t\t\t<span class=\"toggle-icon opened\"><i class=\"a-icon-minus\"><\/i><\/span><span class=\"toggle-icon closed\"><i class=\"a-icon-plus\"><\/i><\/span>\t\t\t\t\t<\/a>\r\n\t\t\t\t<\/h4>\r\n\t\t\t\t\r\n\t\t\t\t<div id=\"6e55e82\" class=\"card-body collapsed elementor-widget-wrap elementor-element-populated\">\r\n\t\t\t\t\t\t\t\t\t\t\t\t\t\t\t\t<div class=\"elementor-element elementor-element-e91b22b elementor-widget elementor-widget-heading\" data-id=\"e91b22b\" data-element_type=\"widget\" data-widget_type=\"heading.default\">\n\t\t\t\t<div class=\"elementor-widget-container\">\n\t\t\t<p class=\"elementor-heading-title elementor-size-default\"><ul>\n<li><b>\u0160ta je to:<\/b> Pojednostavljivanje operacija flote kroz inteligentno kori\u0161\u0107enje podataka GPS pra\u0107enja.<\/li>\n<li><b>Prednosti:<\/b> Smanjuje vreme prostojanja, osigurava optimalnu upotrebu resursa i smanjuje operativne tro\u0161kove.<\/li>\n<li><b>Prakti\u010dna primena:<\/b> Kori\u0161\u0107enje uvida GPS za planiranje odr\u017eavanja tokom vanradnog vremena, osiguravaju\u0107i da vozila uvek budu spremna kada su potrebna.<\/li><\/p>\t\t<\/div>\n\t\t\t\t<\/div>\n\t\t\t\t\t<\/div>\r\n\t\t\t<\/div>\r\n\t\t\t\t<\/div>\t\t\t<\/div>\r\n\t\t\t\t\t\t\t\t\t<\/div>\n\t\t","protected":false},"excerpt":{"rendered":"<p>Va\u0161 put do optimalne efikasnosti Autotrack sistem za GPS pra\u0107enje vozila nudi vi\u0161e od obi\u010dnog pra\u0107enja. Sa naprednim funkcijama i intuitivnim interfejsom, omogu\u0107avamo Vam da imate potpunu kontrolu nad Va\u0161im [&hellip;]<\/p>\n","protected":false},"author":1,"featured_media":0,"parent":0,"menu_order":0,"comment_status":"closed","ping_status":"closed","template":"","meta":{"_acf_changed":false,"footnotes":""},"class_list":["post-2486","page","type-page","status-publish","hentry"],"acf":[],"_links":{"self":[{"href":"https:\/\/autotrack.rs\/sr\/wp-json\/wp\/v2\/pages\/2486","targetHints":{"allow":["GET"]}}],"collection":[{"href":"https:\/\/autotrack.rs\/sr\/wp-json\/wp\/v2\/pages"}],"about":[{"href":"https:\/\/autotrack.rs\/sr\/wp-json\/wp\/v2\/types\/page"}],"author":[{"embeddable":true,"href":"https:\/\/autotrack.rs\/sr\/wp-json\/wp\/v2\/users\/1"}],"replies":[{"embeddable":true,"href":"https:\/\/autotrack.rs\/sr\/wp-json\/wp\/v2\/comments?post=2486"}],"version-history":[{"count":0,"href":"https:\/\/autotrack.rs\/sr\/wp-json\/wp\/v2\/pages\/2486\/revisions"}],"wp:attachment":[{"href":"https:\/\/autotrack.rs\/sr\/wp-json\/wp\/v2\/media?parent=2486"}],"curies":[{"name":"wp","href":"https:\/\/api.w.org\/{rel}","templated":true}]}}